{"id":1477,"date":"2023-03-08T08:58:21","date_gmt":"2023-03-08T08:58:21","guid":{"rendered":"https:\/\/triestelogisticservice.com\/?page_id=1477"},"modified":"2023-03-09T12:01:23","modified_gmt":"2023-03-09T12:01:23","slug":"about-turkce","status":"publish","type":"page","link":"https:\/\/triestelogisticservice.com\/index.php\/tr\/about-turkce\/","title":{"rendered":"About &#8211; T\u00fcrk\u00e7e"},"content":{"rendered":"\t\t<div data-elementor-type=\"wp-page\" data-elementor-id=\"1477\" class=\"elementor elementor-1477\">\n\t\t\t\t\t\t<section class=\"elementor-section elementor-top-section elementor-element elementor-element-6d992a60 elementor-section-content-middle elementor-section-boxed elementor-section-height-default elementor-section-height-default wpr-particle-no wpr-jarallax-no wpr-parallax-no wpr-sticky-section-no\" data-id=\"6d992a60\" data-element_type=\"section\">\n\t\t\t\t\t\t<div class=\"elementor-container elementor-column-gap-default\">\n\t\t\t\t\t<div class=\"elementor-column elementor-col-25 elementor-top-column elementor-element elementor-element-58550910\" data-id=\"58550910\" data-element_type=\"column\">\n\t\t\t<div class=\"elementor-widget-wrap elementor-element-populated\">\n\t\t\t\t\t\t<div class=\"elementor-element elementor-element-13e785b2 elementor-widget elementor-widget-image\" data-id=\"13e785b2\" data-element_type=\"widget\" data-widget_type=\"image.default\">\n\t\t\t\t<div class=\"elementor-widget-container\">\n\t\t\t<style>\/*! elementor - v3.23.0 - 05-08-2024 *\/\n.elementor-widget-image{text-align:center}.elementor-widget-image a{display:inline-block}.elementor-widget-image a img[src$=\".svg\"]{width:48px}.elementor-widget-image img{vertical-align:middle;display:inline-block}<\/style>\t\t\t\t\t\t\t\t\t\t<img fetchpriority=\"high\" decoding=\"async\" width=\"750\" height=\"513\" src=\"https:\/\/triestelogisticservice.com\/wp-content\/uploads\/2022\/11\/IMG-20221118-WA0000.jpg\" class=\"attachment-large size-large wp-image-6\" alt=\"\" srcset=\"https:\/\/triestelogisticservice.com\/wp-content\/uploads\/2022\/11\/IMG-20221118-WA0000.jpg 1024w, https:\/\/triestelogisticservice.com\/wp-content\/uploads\/2022\/11\/IMG-20221118-WA0000-300x205.jpg 300w, https:\/\/triestelogisticservice.com\/wp-content\/uploads\/2022\/11\/IMG-20221118-WA0000-768x526.jpg 768w, https:\/\/triestelogisticservice.com\/wp-content\/uploads\/2022\/11\/IMG-20221118-WA0000-200x137.jpg 200w\" sizes=\"(max-width: 750px) 100vw, 750px\" style=\"width:100%;height:68.46%;max-width:1024px\" \/>\t\t\t\t\t\t\t\t\t\t\t\t\t<\/div>\n\t\t\t\t<\/div>\n\t\t\t\t\t<\/div>\n\t\t<\/div>\n\t\t\t\t<div class=\"elementor-column elementor-col-25 elementor-top-column elementor-element elementor-element-4f641a3\" data-id=\"4f641a3\" data-element_type=\"column\">\n\t\t\t<div class=\"elementor-widget-wrap\">\n\t\t\t\t\t\t\t<\/div>\n\t\t<\/div>\n\t\t\t\t<div class=\"elementor-column elementor-col-25 elementor-top-column elementor-element elementor-element-4e87c5a4\" data-id=\"4e87c5a4\" data-element_type=\"column\">\n\t\t\t<div class=\"elementor-widget-wrap elementor-element-populated\">\n\t\t\t\t\t\t<div class=\"elementor-element elementor-element-7529709 wpr-main-menu-align-center wpr-main-menu-align--tabletleft wpr-main-menu-align--mobileleft wpr-pointer-underline wpr-pointer-line-fx wpr-pointer-fx-fade wpr-sub-icon-caret-down wpr-sub-menu-fx-fade wpr-nav-menu-bp-mobile wpr-mobile-menu-full-width wpr-mobile-menu-item-align-center wpr-mobile-toggle-v1 wpr-sub-divider-yes wpr-mobile-divider-yes elementor-widget elementor-widget-wpr-nav-menu\" data-id=\"7529709\" data-element_type=\"widget\" data-settings=\"{&quot;menu_layout&quot;:&quot;horizontal&quot;}\" data-widget_type=\"wpr-nav-menu.default\">\n\t\t\t\t<div class=\"elementor-widget-container\">\n\t\t\t<nav class=\"wpr-nav-menu-container wpr-nav-menu-horizontal\" data-trigger=\"hover\"><ul id=\"menu-1-7529709\" class=\"wpr-nav-menu\"><li class=\"menu-item menu-item-type-post_type menu-item-object-page menu-item-1487\"><a href=\"https:\/\/triestelogisticservice.com\/index.php\/tr\/home-turkce\/\" class=\"wpr-menu-item wpr-pointer-item\">Anasayfa<\/a><\/li>\n<li class=\"menu-item menu-item-type-post_type menu-item-object-page menu-item-1484\"><a href=\"https:\/\/triestelogisticservice.com\/index.php\/tr\/about-turkce\/\" class=\"wpr-menu-item wpr-pointer-item\">Hakk\u0131m\u0131zda<\/a><\/li>\n<li class=\"menu-item menu-item-type-post_type menu-item-object-page menu-item-1485\"><a href=\"https:\/\/triestelogisticservice.com\/index.php\/tr\/services-turkce\/\" class=\"wpr-menu-item wpr-pointer-item\">Hizmetlerimiz<\/a><\/li>\n<li class=\"menu-item menu-item-type-post_type menu-item-object-page menu-item-1486\"><a href=\"https:\/\/triestelogisticservice.com\/index.php\/tr\/contact-turkce\/\" class=\"wpr-menu-item wpr-pointer-item\">\u0130leti\u015fim<\/a><\/li>\n<\/ul><\/nav><nav class=\"wpr-mobile-nav-menu-container\"><div class=\"wpr-mobile-toggle-wrap\"><div class=\"wpr-mobile-toggle\"><span class=\"wpr-mobile-toggle-line\"><\/span><span class=\"wpr-mobile-toggle-line\"><\/span><span class=\"wpr-mobile-toggle-line\"><\/span><\/div><\/div><ul id=\"mobile-menu-2-7529709\" class=\"wpr-mobile-nav-menu\"><li class=\"menu-item menu-item-type-post_type menu-item-object-page menu-item-1487\"><a href=\"https:\/\/triestelogisticservice.com\/index.php\/tr\/home-turkce\/\" class=\"wpr-mobile-menu-item\">Anasayfa<\/a><\/li>\n<li class=\"menu-item menu-item-type-post_type menu-item-object-page menu-item-1484\"><a href=\"https:\/\/triestelogisticservice.com\/index.php\/tr\/about-turkce\/\" class=\"wpr-mobile-menu-item\">Hakk\u0131m\u0131zda<\/a><\/li>\n<li class=\"menu-item menu-item-type-post_type menu-item-object-page menu-item-1485\"><a href=\"https:\/\/triestelogisticservice.com\/index.php\/tr\/services-turkce\/\" class=\"wpr-mobile-menu-item\">Hizmetlerimiz<\/a><\/li>\n<li class=\"menu-item menu-item-type-post_type menu-item-object-page menu-item-1486\"><a href=\"https:\/\/triestelogisticservice.com\/index.php\/tr\/contact-turkce\/\" class=\"wpr-mobile-menu-item\">\u0130leti\u015fim<\/a><\/li>\n<\/ul><\/nav>\t\t<\/div>\n\t\t\t\t<\/div>\n\t\t\t\t\t<\/div>\n\t\t<\/div>\n\t\t\t\t<div class=\"elementor-column elementor-col-25 elementor-top-column elementor-element elementor-element-53894893\" data-id=\"53894893\" data-element_type=\"column\">\n\t\t\t<div class=\"elementor-widget-wrap elementor-element-populated\">\n\t\t\t\t\t\t<div style=\"--langs:2\" class=\"elementor-element elementor-element-34b8b7bd cpel-switcher--layout-dropdown cpel-switcher--align-center cpel-switcher--drop-on-click cpel-switcher--drop-to-down cpel-switcher--aspect-ratio-43 elementor-widget elementor-widget-polylang-language-switcher\" data-id=\"34b8b7bd\" data-element_type=\"widget\" data-widget_type=\"polylang-language-switcher.default\">\n\t\t\t\t<div class=\"elementor-widget-container\">\n\t\t\t<nav class=\"cpel-switcher__nav\"><div class=\"cpel-switcher__toggle cpel-switcher__lang\" onclick=\"this.classList.toggle('cpel-switcher__toggle--on')\"><a lang=\"en-GB\" hreflang=\"en-GB\" href=\"https:\/\/triestelogisticservice.com\/index.php\/about\/\"><span class=\"cpel-switcher__flag cpel-switcher__flag--gb\"><img decoding=\"async\" src=\"data:image\/svg+xml;base64,PHN2ZyB3aWR0aD0iMjEiIGhlaWdodD0iMTUiIHhtbG5zPSJodHRwOi8vd3d3LnczLm9yZy8yMDAwL3N2ZyI+PGRlZnM+PGxpbmVhckdyYWRpZW50IHgxPSI1MCUiIHkxPSIwJSIgeDI9IjUwJSIgeTI9IjEwMCUiIGlkPSJhIj48c3RvcCBzdG9wLWNvbG9yPSIjRkZGIiBvZmZzZXQ9IjAlIi8+PHN0b3Agc3RvcC1jb2xvcj0iI0YwRjBGMCIgb2Zmc2V0PSIxMDAlIi8+PC9saW5lYXJHcmFkaWVudD48bGluZWFyR3JhZGllbnQgeDE9IjUwJSIgeTE9IjAlIiB4Mj0iNTAlIiB5Mj0iMTAwJSIgaWQ9ImIiPjxzdG9wIHN0b3AtY29sb3I9IiMwQTE3QTciIG9mZnNldD0iMCUiLz48c3RvcCBzdG9wLWNvbG9yPSIjMDMwRTg4IiBvZmZzZXQ9IjEwMCUiLz48L2xpbmVhckdyYWRpZW50PjxsaW5lYXJHcmFkaWVudCB4MT0iNTAlIiB5MT0iMCUiIHgyPSI1MCUiIHkyPSIxMDAlIiBpZD0iYyI+PHN0b3Agc3RvcC1jb2xvcj0iI0U2MjczRSIgb2Zmc2V0PSIwJSIvPjxzdG9wIHN0b3AtY29sb3I9IiNDRjE1MkIiIG9mZnNldD0iMTAwJSIvPjwvbGluZWFyR3JhZGllbnQ+PC9kZWZzPjxnIGZpbGw9Im5vbmUiIGZpbGwtcnVsZT0iZXZlbm9kZCI+PHBhdGggZmlsbD0idXJsKCNhKSIgZD0iTTAgMGgyMXYxNUgweiIvPjxwYXRoIGZpbGw9InVybCgjYikiIGQ9Ik0tLjAwMiAwaDIxdjE1aC0yMXoiLz48cGF0aCBkPSJNNS4wMDMgMTBILS4wMDJWNWg1LjAwNUwtMi4wODIuMjJsMS4xMTgtMS42NTcgOC45NjIgNi4wNDVWLTFoNXY1LjYwOGw4Ljk2Mi02LjA0NUwyMy4wNzguMjIgMTUuOTkzIDVoNS4wMDV2NWgtNS4wMDVsNy4wODUgNC43OC0xLjExOCAxLjY1Ny04Ljk2Mi02LjA0NVYxNmgtNXYtNS42MDhsLTguOTYyIDYuMDQ1LTEuMTE4LTEuNjU4TDUuMDAzIDEweiIgZmlsbD0idXJsKCNhKSIvPjxwYXRoIGQ9Ik0xNC4xMzYgNC45NThsOS41LTYuMjVhLjI1LjI1IDAgMDAtLjI3NS0uNDE3bC05LjUgNi4yNWEuMjUuMjUgMCAxMC4yNzUuNDE3em0uNzMyIDUuNTIybDguNTE1IDUuNzRhLjI1LjI1IDAgMTAuMjgtLjQxNWwtOC41MTYtNS43NGEuMjUuMjUgMCAwMC0uMjc5LjQxNXpNNi4xNDIgNC41MjZMLTIuNzQtMS40NjFhLjI1LjI1IDAgMDAtLjI4LjQxNUw1Ljg2MyA0Ljk0YS4yNS4yNSAwIDAwLjI3OS0uNDE0em0uNjg1IDUuNDY5bC05Ljg0NSA2LjUzYS4yNS4yNSAwIDEwLjI3Ni40MTZsOS44NDYtNi41MjlhLjI1LjI1IDAgMDAtLjI3Ny0uNDE3eiIgZmlsbD0iI0RCMUYzNSIgZmlsbC1ydWxlPSJub256ZXJvIi8+PHBhdGggZmlsbD0idXJsKCNjKSIgZD0iTS0uMDAyIDloOXY2aDNWOWg5VjZoLTlWMGgtM3Y2aC05eiIvPjwvZz48L3N2Zz4=\" alt=\"English\" \/><\/span><span class=\"cpel-switcher__name\">English<\/span><i class=\"cpel-switcher__icon fas fa-caret-down\" aria-hidden=\"true\"><\/i><\/a><\/div><ul class=\"cpel-switcher__list\"><li class=\"cpel-switcher__lang\"><a lang=\"it-IT\" hreflang=\"it-IT\" href=\"https:\/\/triestelogisticservice.com\/index.php\/it\/about-italiano\/\"><span class=\"cpel-switcher__flag cpel-switcher__flag--it\"><img decoding=\"async\" src=\"data:image\/svg+xml;base64,PHN2ZyB3aWR0aD0iMjEiIGhlaWdodD0iMTUiIHhtbG5zPSJodHRwOi8vd3d3LnczLm9yZy8yMDAwL3N2ZyI+PGRlZnM+PGxpbmVhckdyYWRpZW50IHgxPSI1MCUiIHkxPSIwJSIgeDI9IjUwJSIgeTI9IjEwMCUiIGlkPSJhIj48c3RvcCBzdG9wLWNvbG9yPSIjRkZGIiBvZmZzZXQ9IjAlIi8+PHN0b3Agc3RvcC1jb2xvcj0iI0YwRjBGMCIgb2Zmc2V0PSIxMDAlIi8+PC9saW5lYXJHcmFkaWVudD48bGluZWFyR3JhZGllbnQgeDE9IjUwJSIgeTE9IjAlIiB4Mj0iNTAlIiB5Mj0iMTAwJSIgaWQ9ImIiPjxzdG9wIHN0b3AtY29sb3I9IiNFNDNENEMiIG9mZnNldD0iMCUiLz48c3RvcCBzdG9wLWNvbG9yPSIjQ0MyRTNDIiBvZmZzZXQ9IjEwMCUiLz48L2xpbmVhckdyYWRpZW50PjxsaW5lYXJHcmFkaWVudCB4MT0iNTAlIiB5MT0iMCUiIHgyPSI1MCUiIHkyPSIxMDAlIiBpZD0iYyI+PHN0b3Agc3RvcC1jb2xvcj0iIzFCQjY1RCIgb2Zmc2V0PSIwJSIvPjxzdG9wIHN0b3AtY29sb3I9IiMxMzkxNDkiIG9mZnNldD0iMTAwJSIvPjwvbGluZWFyR3JhZGllbnQ+PC9kZWZzPjxnIGZpbGw9Im5vbmUiIGZpbGwtcnVsZT0iZXZlbm9kZCI+PHBhdGggZmlsbD0idXJsKCNhKSIgZD0iTTAgMGgyMXYxNUgweiIvPjxwYXRoIGZpbGw9InVybCgjYikiIGQ9Ik0xMCAwaDExdjE1SDEweiIvPjxwYXRoIGZpbGw9InVybCgjYykiIGQ9Ik0wIDBoN3YxNUgweiIvPjxwYXRoIGZpbGw9InVybCgjYSkiIGQ9Ik03IDBoN3YxNUg3eiIvPjwvZz48L3N2Zz4=\" alt=\"Italiano\" \/><\/span><span class=\"cpel-switcher__name\">Italiano<\/span><\/a><\/li><li class=\"cpel-switcher__lang\"><a lang=\"tr-TR\" hreflang=\"tr-TR\" href=\"https:\/\/triestelogisticservice.com\/index.php\/tr\/about-turkce\/\"><span class=\"cpel-switcher__flag cpel-switcher__flag--tr\"><img decoding=\"async\" src=\"data:image\/svg+xml;base64,PHN2ZyB3aWR0aD0iMjEiIGhlaWdodD0iMTUiIHhtbG5zPSJodHRwOi8vd3d3LnczLm9yZy8yMDAwL3N2ZyI+PGRlZnM+PGxpbmVhckdyYWRpZW50IHgxPSI1MCUiIHkxPSIwJSIgeDI9IjUwJSIgeTI9IjEwMCUiIGlkPSJhIj48c3RvcCBzdG9wLWNvbG9yPSIjRkZGIiBvZmZzZXQ9IjAlIi8+PHN0b3Agc3RvcC1jb2xvcj0iI0YwRjBGMCIgb2Zmc2V0PSIxMDAlIi8+PC9saW5lYXJHcmFkaWVudD48bGluZWFyR3JhZGllbnQgeDE9IjUwJSIgeTE9IjAlIiB4Mj0iNTAlIiB5Mj0iMTAwJSIgaWQ9ImIiPjxzdG9wIHN0b3AtY29sb3I9IiNFOTI0MzQiIG9mZnNldD0iMCUiLz48c3RvcCBzdG9wLWNvbG9yPSIjRTExMzI0IiBvZmZzZXQ9IjEwMCUiLz48L2xpbmVhckdyYWRpZW50PjwvZGVmcz48ZyBmaWxsPSJub25lIiBmaWxsLXJ1bGU9ImV2ZW5vZGQiPjxwYXRoIGZpbGw9InVybCgjYSkiIGQ9Ik0wIDBoMjF2MTVIMHoiLz48cGF0aCBmaWxsPSJ1cmwoI2IpIiBkPSJNMCAwaDIxdjE1SDB6Ii8+PHBhdGggZD0iTTEzLjA1MiA0LjczN0EzLjkwNyAzLjkwNyAwIDAwMTAuNzUgNEM4LjY3OSA0IDcgNS41NjcgNyA3LjVTOC42NzkgMTEgMTAuNzUgMTFjLjg2OCAwIDEuNjY3LS4yNzUgMi4zMDItLjczN2E0LjUgNC41IDAgMTEwLTUuNTI2em0xLjIxNCAzLjM0bC0uOTE5IDEuMTEzLjA2My0xLjQ0Mi0xLjM0My0uNTMgMS4zOS0uMzg2LjA5LTEuNDQxLjc5NiAxLjIwNCAxLjM5OC0uMzYxLS44OTggMS4xMy43NzUgMS4yMTctMS4zNTItLjUwNXoiIGZpbGw9InVybCgjYSkiLz48L2c+PC9zdmc+\" alt=\"T\u00fcrk\u00e7e\" \/><\/span><span class=\"cpel-switcher__name\">T\u00fcrk\u00e7e<\/span><\/a><\/li><\/ul><\/nav>\t\t<\/div>\n\t\t\t\t<\/div>\n\t\t\t\t\t<\/div>\n\t\t<\/div>\n\t\t\t\t\t<\/div>\n\t\t<\/section>\n\t\t\t\t<section class=\"elementor-section elementor-top-section elementor-element elementor-element-c8ddeb6 elementor-section-height-min-height elementor-section-boxed elementor-section-height-default elementor-section-items-middle wpr-particle-no wpr-jarallax-no wpr-parallax-no wpr-sticky-section-no\" data-id=\"c8ddeb6\" data-element_type=\"section\" data-settings=\"{&quot;background_background&quot;:&quot;classic&quot;}\">\n\t\t\t\t\t\t\t<div class=\"elementor-background-overlay\"><\/div>\n\t\t\t\t\t\t\t<div class=\"elementor-container elementor-column-gap-default\">\n\t\t\t\t\t<div class=\"elementor-column elementor-col-100 elementor-top-column elementor-element elementor-element-6a5337e\" data-id=\"6a5337e\" data-element_type=\"column\">\n\t\t\t<div class=\"elementor-widget-wrap elementor-element-populated\">\n\t\t\t\t\t\t<div class=\"elementor-element elementor-element-feefb6c elementor-widget elementor-widget-heading\" data-id=\"feefb6c\" data-element_type=\"widget\" data-widget_type=\"heading.default\">\n\t\t\t\t<div class=\"elementor-widget-container\">\n\t\t\t<style>\/*! elementor - v3.23.0 - 05-08-2024 *\/\n.elementor-heading-title{padding:0;margin:0;line-height:1}.elementor-widget-heading .elementor-heading-title[class*=elementor-size-]>a{color:inherit;font-size:inherit;line-height:inherit}.elementor-widget-heading .elementor-heading-title.elementor-size-small{font-size:15px}.elementor-widget-heading .elementor-heading-title.elementor-size-medium{font-size:19px}.elementor-widget-heading .elementor-heading-title.elementor-size-large{font-size:29px}.elementor-widget-heading .elementor-heading-title.elementor-size-xl{font-size:39px}.elementor-widget-heading .elementor-heading-title.elementor-size-xxl{font-size:59px}<\/style><h1 class=\"elementor-heading-title elementor-size-default\">hakk\u0131m\u0131zda<\/h1>\t\t<\/div>\n\t\t\t\t<\/div>\n\t\t\t\t\t<\/div>\n\t\t<\/div>\n\t\t\t\t\t<\/div>\n\t\t<\/section>\n\t\t\t\t<section class=\"elementor-section elementor-top-section elementor-element elementor-element-034f786 elementor-section-boxed elementor-section-height-default elementor-section-height-default wpr-particle-no wpr-jarallax-no wpr-parallax-no wpr-sticky-section-no\" data-id=\"034f786\" data-element_type=\"section\">\n\t\t\t\t\t\t<div class=\"elementor-container elementor-column-gap-default\">\n\t\t\t\t\t<div class=\"elementor-column elementor-col-100 elementor-top-column elementor-element elementor-element-ba0c118\" data-id=\"ba0c118\" data-element_type=\"column\">\n\t\t\t<div class=\"elementor-widget-wrap elementor-element-populated\">\n\t\t\t\t\t\t<div class=\"elementor-element elementor-element-3dc998b elementor-widget elementor-widget-heading\" data-id=\"3dc998b\" data-element_type=\"widget\" data-widget_type=\"heading.default\">\n\t\t\t\t<div class=\"elementor-widget-container\">\n\t\t\t<h4 class=\"elementor-heading-title elementor-size-default\">Uzun y\u0131llar sekt\u00f6rde tecr\u00fcbeli ekibimiz ile Trieste Liman\u0131nda m\u00fc\u015fterilerimizin t\u00fcm nakliyat ve g\u00fcmr\u00fck i\u015flemlerini onlar ad\u0131na yap\u0131yoruz.<\/h4>\t\t<\/div>\n\t\t\t\t<\/div>\n\t\t\t\t<div class=\"elementor-element elementor-element-9fdb291 elementor-widget elementor-widget-image\" data-id=\"9fdb291\" data-element_type=\"widget\" data-widget_type=\"image.default\">\n\t\t\t\t<div class=\"elementor-widget-container\">\n\t\t\t\t\t\t\t\t\t\t\t\t\t<img decoding=\"async\" width=\"1170\" height=\"600\" src=\"https:\/\/triestelogisticservice.com\/wp-content\/uploads\/2021\/11\/contact-hero.jpg\" class=\"attachment-full size-full wp-image-432\" alt=\"\" srcset=\"https:\/\/triestelogisticservice.com\/wp-content\/uploads\/2021\/11\/contact-hero.jpg 1170w, https:\/\/triestelogisticservice.com\/wp-content\/uploads\/2021\/11\/contact-hero-300x154.jpg 300w, https:\/\/triestelogisticservice.com\/wp-content\/uploads\/2021\/11\/contact-hero-1024x525.jpg 1024w, https:\/\/triestelogisticservice.com\/wp-content\/uploads\/2021\/11\/contact-hero-768x394.jpg 768w\" sizes=\"(max-width: 1170px) 100vw, 1170px\" style=\"width:100%;height:51.28%;max-width:1170px\" \/>\t\t\t\t\t\t\t\t\t\t\t\t\t<\/div>\n\t\t\t\t<\/div>\n\t\t\t\t<section class=\"elementor-section elementor-inner-section elementor-element elementor-element-d762106 elementor-section-boxed elementor-section-height-default elementor-section-height-default wpr-particle-no wpr-jarallax-no wpr-parallax-no wpr-sticky-section-no\" data-id=\"d762106\" data-element_type=\"section\">\n\t\t\t\t\t\t<div class=\"elementor-container elementor-column-gap-default\">\n\t\t\t\t\t<div class=\"elementor-column elementor-col-50 elementor-inner-column elementor-element elementor-element-08ec54c\" data-id=\"08ec54c\" data-element_type=\"column\">\n\t\t\t<div class=\"elementor-widget-wrap elementor-element-populated\">\n\t\t\t\t\t\t<div class=\"elementor-element elementor-element-d35be41 elementor-widget elementor-widget-heading\" data-id=\"d35be41\" data-element_type=\"widget\" data-widget_type=\"heading.default\">\n\t\t\t\t<div class=\"elementor-widget-container\">\n\t\t\t<h3 class=\"elementor-heading-title elementor-size-default\">Misyonumuz<\/h3>\t\t<\/div>\n\t\t\t\t<\/div>\n\t\t\t\t<div class=\"elementor-element elementor-element-8fa3d11 elementor-widget elementor-widget-text-editor\" data-id=\"8fa3d11\" data-element_type=\"widget\" data-widget_type=\"text-editor.default\">\n\t\t\t\t<div class=\"elementor-widget-container\">\n\t\t\t<style>\/*! elementor - v3.23.0 - 05-08-2024 *\/\n.elementor-widget-text-editor.elementor-drop-cap-view-stacked .elementor-drop-cap{background-color:#69727d;color:#fff}.elementor-widget-text-editor.elementor-drop-cap-view-framed .elementor-drop-cap{color:#69727d;border:3px solid;background-color:transparent}.elementor-widget-text-editor:not(.elementor-drop-cap-view-default) .elementor-drop-cap{margin-top:8px}.elementor-widget-text-editor:not(.elementor-drop-cap-view-default) .elementor-drop-cap-letter{width:1em;height:1em}.elementor-widget-text-editor .elementor-drop-cap{float:left;text-align:center;line-height:1;font-size:50px}.elementor-widget-text-editor .elementor-drop-cap-letter{display:inline-block}<\/style>\t\t\t\t<p>Partnerlerimize en iyi \u015fekilde hizmet vermek ve onlar ad\u0131na kar\u015f\u0131la\u015fabilecekleri t\u00fcm zorluklar\u0131 g\u00f6\u011f\u00fcslemek.<\/p>\t\t\t\t\t\t<\/div>\n\t\t\t\t<\/div>\n\t\t\t\t\t<\/div>\n\t\t<\/div>\n\t\t\t\t<div class=\"elementor-column elementor-col-50 elementor-inner-column elementor-element elementor-element-d30d7a1\" data-id=\"d30d7a1\" data-element_type=\"column\">\n\t\t\t<div class=\"elementor-widget-wrap elementor-element-populated\">\n\t\t\t\t\t\t<div class=\"elementor-element elementor-element-6260bc9 elementor-widget elementor-widget-heading\" data-id=\"6260bc9\" data-element_type=\"widget\" data-widget_type=\"heading.default\">\n\t\t\t\t<div class=\"elementor-widget-container\">\n\t\t\t<h3 class=\"elementor-heading-title elementor-size-default\">Vizyonumuz<\/h3>\t\t<\/div>\n\t\t\t\t<\/div>\n\t\t\t\t<div class=\"elementor-element elementor-element-3a99000 elementor-widget elementor-widget-text-editor\" data-id=\"3a99000\" data-element_type=\"widget\" data-widget_type=\"text-editor.default\">\n\t\t\t\t<div class=\"elementor-widget-container\">\n\t\t\t\t\t\t\t<p>Her zaman kendimizi geli\u015ftirmek ve m\u00fc\u015fterilerimize daha iyi hizmetler sunmak i\u00e7in \u00e7abal\u0131yoruz.<\/p>\t\t\t\t\t\t<\/div>\n\t\t\t\t<\/div>\n\t\t\t\t\t<\/div>\n\t\t<\/div>\n\t\t\t\t\t<\/div>\n\t\t<\/section>\n\t\t\t\t\t<\/div>\n\t\t<\/div>\n\t\t\t\t\t<\/div>\n\t\t<\/section>\n\t\t\t\t<\/div>\n\t\t","protected":false},"excerpt":{"rendered":"<p>Anasayfa Hakk\u0131m\u0131zda Hizmetlerimiz \u0130leti\u015fim Anasayfa Hakk\u0131m\u0131zda Hizmetlerimiz \u0130leti\u015fim English Italiano T\u00fcrk\u00e7e hakk\u0131m\u0131zda Uzun y\u0131llar sekt\u00f6rde tecr\u00fcbeli ekibimiz ile Trieste Liman\u0131nda m\u00fc\u015fterilerimizin t\u00fcm nakliyat ve g\u00fcmr\u00fck i\u015flemlerini onlar ad\u0131na yap\u0131yoruz. Misyonumuz Partnerlerimize en iyi \u015fekilde hizmet vermek ve onlar ad\u0131na kar\u015f\u0131la\u015fabilecekleri t\u00fcm zorluklar\u0131 g\u00f6\u011f\u00fcslemek. Vizyonumuz Her zaman kendimizi geli\u015ftirmek ve m\u00fc\u015fterilerimize daha iyi hizmetler sunmak i\u00e7in&hellip; <a class=\"more-link\" href=\"https:\/\/triestelogisticservice.com\/index.php\/tr\/about-turkce\/\">Continue reading <span class=\"screen-reader-text\">About &#8211; T\u00fcrk\u00e7e<\/span><\/a><\/p>\n","protected":false},"author":1,"featured_media":0,"parent":0,"menu_order":0,"comment_status":"closed","ping_status":"closed","template":"","meta":{"om_disable_all_campaigns":false,"_mi_skip_tracking":false},"aioseo_notices":[],"_links":{"self":[{"href":"https:\/\/triestelogisticservice.com\/index.php\/wp-json\/wp\/v2\/pages\/1477"}],"collection":[{"href":"https:\/\/triestelogisticservice.com\/index.php\/wp-json\/wp\/v2\/pages"}],"about":[{"href":"https:\/\/triestelogisticservice.com\/index.php\/wp-json\/wp\/v2\/types\/page"}],"author":[{"embeddable":true,"href":"https:\/\/triestelogisticservice.com\/index.php\/wp-json\/wp\/v2\/users\/1"}],"replies":[{"embeddable":true,"href":"https:\/\/triestelogisticservice.com\/index.php\/wp-json\/wp\/v2\/comments?post=1477"}],"version-history":[{"count":7,"href":"https:\/\/triestelogisticservice.com\/index.php\/wp-json\/wp\/v2\/pages\/1477\/revisions"}],"predecessor-version":[{"id":1518,"href":"https:\/\/triestelogisticservice.com\/index.php\/wp-json\/wp\/v2\/pages\/1477\/revisions\/1518"}],"wp:attachment":[{"href":"https:\/\/triestelogisticservice.com\/index.php\/wp-json\/wp\/v2\/media?parent=1477"}],"curies":[{"name":"wp","href":"https:\/\/api.w.org\/{rel}","templated":true}]}}